{"id":15,"date":"2020-07-19T04:06:45","date_gmt":"2020-07-19T04:06:45","guid":{"rendered":"https:\/\/old3.commonsupport.com\/wp\/hozti\/?page_id=15"},"modified":"2025-01-22T12:05:06","modified_gmt":"2025-01-22T11:05:06","slug":"zaklad_genetyki_sadowe","status":"publish","type":"page","link":"https:\/\/zms.pum.edu.pl\/?page_id=15","title":{"rendered":"ZAK\u0141AD GENOMIKI I GENETYKI S\u0104DOWEJ"},"content":{"rendered":"<p style=\"text-align: center;\"><!--Services Single Section--><br \/>\n<!--Content Column--><\/p>\n<h2 style=\"text-align: center;\">Zak\u0142ad Genomiki i Genetyki S\u0105dowej<\/h2>\n<p style=\"text-align: center;\">\u25c9 Obecny Zak\u0142ad Genomiki i Genetyki S\u0105dowej powsta\u0142 1 grudnia 1951r. pod nazw\u0105 Pracownia Serologii S\u0105dowej. Od 1957r. do 1998r. funkcj\u0119 kierownika pe\u0142ni\u0142 prof. Zygmunt Sagan.<\/p>\n<p style=\"text-align: center;\">\u25c9 Od 1998r. do czerwca 2014r. stanowisko obejmowa\u0142 dr n. med. Jaros\u0142aw Pi\u0105tek. Dnia 1 marca 2015r. w miejsce Pracowni Genetyki S\u0105dowej powo\u0142ano Zak\u0142ad Genetyki S\u0105dowej, w kt\u00f3rym funkcj\u0119 kierownika sprawuje obecnie dr n. med. Andrzej Ossowski.<\/p>\n<p style=\"text-align: center;\">\u25c9 Dzia\u0142alno\u015b\u0107 naukowa Pracowni si\u0119ga szko\u0142y prof. Ludwika Hirszfelda. W 1967r. jego ucze\u0144 prof. Sagan wprowadzi\u0142 do serologii s\u0105dowej technik\u0119 oznaczania uk\u0142adu Gm w \u015bladach krwii. Od 1995r. Pracownia zacze\u0142a bada\u0107 polimorfizm DNA w sprawach spornego ojcostwa, a od 2000r. prowadzi r\u00f3wnie\u017c analizy DNA w \u015bladach biologicznych.<\/p>\n<p style=\"text-align: center;\">\u25c9 Obecnie opr\u00f3cz bada\u0144 kryminalistycznych, najwa\u017cniejszym projektem jest Polska Baza Genetyczna Ofiar Totalitaryzm\u00f3w (wi\u0119cej informacji na www.pbgot.pl).<br \/>\n<!--End Services Single Section--><br \/>\n<!--Services Single Section--><br \/>\n<!--Content Column--><br \/>\n<!--Two Column--><br \/>\n<!--Image Column--><br \/>\n<img decoding=\"async\" src=\"http:\/\/muzeo.home.pl\/autoinstalator\/wordpress5\/wp-content\/uploads\/2022\/05\/LAB.jpg\" alt=\"\" \/><br \/>\n<!--Blocks Column--><br \/>\n<!--Service Single Block--><\/p>\n<h3 style=\"text-align: center;\">Kierownik Zak\u0142adu Genomiki i Genetyki S\u0105dowej<\/h3>\n<p style=\"text-align: center;\">dr hab. n. med. Andrzej Ossowski, prof. PUM<\/p>\n<p style=\"text-align: center;\"><!--Service Single Block--><\/p>\n<h3 style=\"text-align: center;\">Kierownik ds. Technicznych<\/h3>\n<p style=\"text-align: center;\">dr n. med. Gra\u017cyna Zieli\u0144ska<\/p>\n<p style=\"text-align: center;\"><!--Service Single Block--><\/p>\n<h3 style=\"text-align: center;\">Pe\u0142nomocnik ds. Jako\u015bci<\/h3>\n<p style=\"text-align: center;\">dr in\u017c. Marzena Misiura<\/p>\n<p style=\"text-align: center;\"><!--Service Single Block--><\/p>\n<h3 style=\"text-align: center;\">Pracownicy<\/h3>\n<p style=\"text-align: center;\">dr n. med. Jaros\u0142aw Pi\u0105tek<br \/>\nmgr in\u017c. Katarzyna Ja\u0142owi\u0144ska<br \/>\ndr n. med. Maria Szargut<br \/>\ndr n. med. Sandra Cytacka<br \/>\ndr n. med. Joanna Arciszewska<br \/>\ndr n. med. Joanna Drath<br \/>\ndr n. med. Dagmara Lisman<br \/>\ndr n. med. Bart\u0142omiej Grygorcewicz<br \/>\ndr n. med. Thierry van de Wetering<br \/>\nmgr Julia Zacharczuk<br \/>\nmgr Monika Lachendro<br \/>\nmgr Maria St\u0119pie\u0144<br \/>\nmgr Kamila Stanisz\u00a0<!--Content Column--><!--Accordian Boxed--><\/p>\n<h3 style=\"text-align: center;\">\u25c9 PRZEPROWADZANE BADANIA W Zak\u0142adzie Genomiki i Genetyki S\u0105dowej<\/h3>\n<p style=\"text-align: center;\"><!--Accordian Box \/ Style Three--><\/p>\n<ul style=\"text-align: center;\">\n<li style=\"list-style-type: none;\">\n<ul><!--Block--><\/p>\n<li>POR\u00d3WNAWCZE BLI\u0179NI\u0104T<br \/>\nW naszym zak\u0142adzie przeprowadzane s\u0105 genetyczne badania por\u00f3wnawcze bli\u017ani\u0105t mono i dizygotycznych.<\/li>\n<\/ul>\n<\/li>\n<\/ul>\n<p style=\"text-align: center;\"><!--Block--><\/p>\n<ul style=\"text-align: center;\">\n<li style=\"list-style-type: none;\">\n<ul>\n<li>POKREWIE\u0143STWO<br \/>\nBadania z zakresu<br \/>\nustalanie stopnia pokrewie\u0144stwa.<\/li>\n<\/ul>\n<\/li>\n<\/ul>\n<p style=\"text-align: center;\"><!--Block--><\/p>\n<ul style=\"text-align: center;\">\n<li style=\"list-style-type: none;\">\n<ul>\n<li>USTALENIE OJCOSTWA<br \/>\nBadania DNA na ustalenie spornego ojcostwa.<\/li>\n<\/ul>\n<\/li>\n<\/ul>\n<p style=\"text-align: center;\"><!--Block--><\/p>\n<ul style=\"text-align: center;\">\n<li style=\"list-style-type: none;\">\n<ul>\n<li>BADANIE \u015aLAD\u00d3W DNA<br \/>\nIdentyfikacja i badania DNA \u015blad\u00f3w biologicznych.<\/li>\n<\/ul>\n<\/li>\n<\/ul>\n<p style=\"text-align: center;\"><!--Block--><\/p>\n<ul style=\"text-align: center;\">\n<li style=\"list-style-type: none;\">\n<ul>\n<li>IDENTYFIKACJA OSOBNICZA<br \/>\nGenetyczna identyfikacja osobnicza.<\/li>\n<\/ul>\n<\/li>\n<\/ul>\n<p style=\"text-align: center;\"><!--Block--><\/p>\n<ul style=\"text-align: center;\">\n<li>P\u0141E\u0106<br \/>\nBadania DNA r\u00f3\u017cnicuj\u0105ce p\u0142e\u0107.<\/li>\n<\/ul>\n<p style=\"text-align: center;\"><!--End Services Single Section--><br \/>\n<!--Services Single Section--><br \/>\n<!--Content Column--><br \/>\n<!--Hours Widget--><\/p>\n<h2 style=\"text-align: center;\">Kontakt<\/h2>\n<ul style=\"text-align: center;\">\n<li>Pon-Pt: 8.00 &#8211; 15.00<\/li>\n<li>Sobota nieczynne<\/li>\n<li>Niedzielanieczynne<\/li>\n<\/ul>\n<p style=\"text-align: center;\">+48 91 46 15 77 (15-59)<br \/>\ne-mail: gensad@pum.edu.pl<!--Content Column--><!--Meeting Widget--><\/p>\n<h2 style=\"text-align: center;\">Pobieranie materia\u0142u do bada\u0144 por\u00f3wnawczych:<\/h2>\n<p style=\"text-align: center;\"><img decoding=\"async\" src=\"http:\/\/muzeo.home.pl\/autoinstalator\/wordpress5\/wp-content\/uploads\/2022\/06\/Zrzut-ekranu-2022-06-7-o-16.34.06.png\" alt=\"\" \/><\/p>\n<h2 style=\"text-align: center;\">INSTRUKCJA<br \/>\nPOBIERANIA<\/h2>\n<p style=\"text-align: center;\"><a href=\"http:\/\/muzeo.home.pl\/autoinstalator\/wordpress5\/wp-content\/uploads\/2022\/06\/zasady-pobierania-materialu-do-badan.pdf\">zobacz instrukcj\u0119<\/a><br \/>\n<!--End Services Single Section--><br \/>\n<!--Services Single Section--><br \/>\n<!--Content Column--><br \/>\n<!--Branches Widget--><\/p>\n<h2 style=\"text-align: center;\">Do<br \/>\nPobrania<\/h2>\n<ul style=\"text-align: center;\">\n<li><a href=\"http:\/\/zms.pum.edu.pl\/wp-content\/uploads\/2025\/01\/POLITYKA-JAKOSCI.pdf\">Polityka Jako\u015bci Zak\u0142adu Genetyki S\u0105dowej PUM w Szczecinie <\/a><\/li>\n<li><a href=\"http:\/\/zms.pum.edu.pl\/wp-content\/uploads\/2025\/01\/CERTYFIKAT-AB-1645.pdf\">Certyfikat akredytacji laboratorium <\/a><\/li>\n<li><a href=\"http:\/\/zms.pum.edu.pl\/wp-content\/uploads\/2025\/01\/ZAKRES-ELASTYCZNY.pdf\">Lista dzia\u0142a\u0144 prowadzonych w ramach zakresu elastycznego <\/a><\/li>\n<\/ul>\n<p style=\"text-align: center;\"><!--End Services Single Section--><br \/>\n<!--Services Single Section--><br \/>\n<!--Content Column--><br \/>\n<!--Meeting Widget--><\/p>\n<h2 style=\"text-align: center;\">PBGOT | Polska Baza Genetyczna Ofiar Totalitaryzm\u00f3w<\/h2>\n<p style=\"text-align: center;\"><img decoding=\"async\" src=\"http:\/\/muzeo.home.pl\/autoinstalator\/wordpress5\/wp-content\/uploads\/2022\/06\/Zrzut-ekranu-2022-06-8-o-10.56.30.png\" alt=\"\" \/><\/p>\n<p style=\"text-align: center;\">ODNAJDUJEMY BOHATER\u00d3W!<\/p>\n<p style=\"text-align: center;\"><a href=\"https:\/\/www.pbgot.pl\">CZYTAJ<\/a><br \/>\n<!--End Services Single Section--><\/p>\n","protected":false},"excerpt":{"rendered":"<p>Zak\u0142ad Genomiki i Genetyki S\u0105dowej \u25c9 Obecny Zak\u0142ad Genomiki i Genetyki S\u0105dowej powsta\u0142 1 grudnia 1951r. pod nazw\u0105 Pracownia Serologii S\u0105dowej. Od 1957r. do 1998r. funkcj\u0119 kierownika pe\u0142ni\u0142 prof. Zygmunt Sagan. \u25c9 Od 1998r. do czerwca 2014r. stanowisko obejmowa\u0142 dr n. med. Jaros\u0142aw Pi\u0105tek. Dnia 1 marca 2015r. w miejsce Pracowni Genetyki S\u0105dowej powo\u0142ano Zak\u0142ad [&hellip;]<\/p>\n","protected":false},"author":1,"featured_media":0,"parent":0,"menu_order":0,"comment_status":"closed","ping_status":"closed","template":"tpl-default-elementor.php","meta":{"footnotes":""},"class_list":["post-15","page","type-page","status-publish","hentry"],"_links":{"self":[{"href":"https:\/\/zms.pum.edu.pl\/index.php?rest_route=\/wp\/v2\/pages\/15","targetHints":{"allow":["GET"]}}],"collection":[{"href":"https:\/\/zms.pum.edu.pl\/index.php?rest_route=\/wp\/v2\/pages"}],"about":[{"href":"https:\/\/zms.pum.edu.pl\/index.php?rest_route=\/wp\/v2\/types\/page"}],"author":[{"embeddable":true,"href":"https:\/\/zms.pum.edu.pl\/index.php?rest_route=\/wp\/v2\/users\/1"}],"replies":[{"embeddable":true,"href":"https:\/\/zms.pum.edu.pl\/index.php?rest_route=%2Fwp%2Fv2%2Fcomments&post=15"}],"version-history":[{"count":58,"href":"https:\/\/zms.pum.edu.pl\/index.php?rest_route=\/wp\/v2\/pages\/15\/revisions"}],"predecessor-version":[{"id":2883,"href":"https:\/\/zms.pum.edu.pl\/index.php?rest_route=\/wp\/v2\/pages\/15\/revisions\/2883"}],"wp:attachment":[{"href":"https:\/\/zms.pum.edu.pl\/index.php?rest_route=%2Fwp%2Fv2%2Fmedia&parent=15"}],"curies":[{"name":"wp","href":"https:\/\/api.w.org\/{rel}","templated":true}]}}