{"id":28,"date":"2020-07-19T04:10:24","date_gmt":"2020-07-19T02:10:24","guid":{"rendered":"https:\/\/old3.commonsupport.com\/wp\/hozti\/?page_id=28"},"modified":"2024-10-02T09:04:18","modified_gmt":"2024-10-02T07:04:18","slug":"toksykologia","status":"publish","type":"page","link":"https:\/\/zms.pum.edu.pl\/?page_id=28","title":{"rendered":"Zak\u0142ad Toksykologii Klinicznej i S\u0105dowej"},"content":{"rendered":"\t\t<div data-elementor-type=\"wp-page\" data-elementor-id=\"28\" class=\"elementor elementor-28\">\n\t\t\t\t\t\t<section class=\"elementor-section elementor-top-section elementor-element elementor-element-f1cb518 elementor-section-boxed elementor-section-height-default elementor-section-height-default\" data-id=\"f1cb518\" data-element_type=\"section\" data-e-type=\"section\">\n\t\t\t\t\t\t<div class=\"elementor-container elementor-column-gap-no\">\n\t\t\t\t\t<div class=\"elementor-column elementor-col-66 elementor-top-column elementor-element elementor-element-7f15708\" data-id=\"7f15708\" data-element_type=\"column\" data-e-type=\"column\">\n\t\t\t<div class=\"elementor-widget-wrap elementor-element-populated\">\n\t\t\t\t\t\t<div class=\"elementor-element elementor-element-ddc6a7f elementor-widget elementor-widget-hozti_service_single_title\" data-id=\"ddc6a7f\" data-element_type=\"widget\" data-e-type=\"widget\" data-widget_type=\"hozti_service_single_title.default\">\n\t\t\t\t<div class=\"elementor-widget-container\">\n\t\t\t\t\t\n\t\t<!--Services Single Section-->\n\t\t<div class=\"services-single-section one\">\n\t\t\t<div class=\"auto-container\">\n\t\t\t\t<div class=\"row clearfix\">\n\t\t\t\t\t<!--Content Column-->\n\t\t\t\t\t<div class=\"content-column col-xl-12 col-md-12 col-sm-12\">\n\t\t\t\t\t\t<div class=\"inner-column\">\n\t\t\t\t\t\t\t<h2>Zak\u0142ad Toksykologii Klinicznej i S\u0105dowej<\/h2>\n\t\t\t\t\t\t\t<div class=\"text\">Pracownie Toksykologii Klinicznej i S\u0105dowej powsta\u0142y w 1989 roku. Realizujemy szeroki wachlarz dzia\u0142a\u0144, kt\u00f3rych zasadniczym celem jest okre\u015blenie przyczyn zatrucia.<br><br>\nW zak\u0142adzie realizowane s\u0105 badania z zakresu toksykologii klinicznej (okre\u015blanie przyczyn zatrucia, terapia monitorowana st\u0119\u017ceniem leku), a tak\u017ce badania i ekspertyzy z zakresu toksykologii s\u0105dowej m.in. badania trze\u017awo\u015bci kieruj\u0105cych, analizy toksykologiczne w materiale sekcyjnym czy badania fizykochemiczne materia\u0142\u00f3w dowodowych na zlecenie organ\u00f3w \u015bcigania i sprawiedliwo\u015bci. <br \/><br \/>\nZnajdujemy si\u0119 w wykazie podmiot\u00f3w uprawnionych do przeprowadzania bada\u0144 maj\u0105cych na celu ustalenie, czy dany produkt jest \u015brodkiem zast\u0119pczym.\n\n<\/div>\n\t\t\t\t\t\t<\/div>\n\t\t\t\t\t<\/div>\n\t\t\t\t<\/div>\n\t\t\t<\/div>\n\t\t<\/div>\n\t\t<!--End Services Single Section--> \n            \n\t\t\t\t\t\t<\/div>\n\t\t\t\t<\/div>\n\t\t\t\t<div class=\"elementor-element elementor-element-32700bd elementor-widget elementor-widget-hozti_service_single_two_column\" data-id=\"32700bd\" data-element_type=\"widget\" data-e-type=\"widget\" data-widget_type=\"hozti_service_single_two_column.default\">\n\t\t\t\t<div class=\"elementor-widget-container\">\n\t\t\t\t\t\n\t\t<!--Services Single Section-->\n\t\t<div class=\"services-single-section two\">\n\t\t\t<div class=\"auto-container\">\n\t\t\t\t<div class=\"row clearfix\">\n\t\t\t\t\t<!--Content Column-->\n\t\t\t\t\t<div class=\"content-column col-xl-12 col-md-12 col-sm-12\">\n\t\t\t\t\t\t<!--Two Column-->\n\t\t\t\t\t\t<div class=\"two-column\">\n\t\t\t\t\t\t\t<div class=\"row clearfix\">\n\t\t\t\t\t\t\t\t<!--Image Column-->\n\t\t\t\t\t\t\t\t<div class=\"image-column col-md-6 col-sm-6 col-xs-12\">\n\t\t\t\t\t\t\t\t\t<div class=\"image\">\n\t\t\t\t\t\t\t\t\t\t<img decoding=\"async\" src=\"http:\/\/zms.pum.edu.pl\/wp-content\/uploads\/2022\/05\/6.jpg\" alt=\"\"\/>\n\t\t\t\t\t\t\t\t\t<\/div>\n\t\t\t\t\t\t\t\t<\/div>\n\t\t\t\t\t\t\t\t<!--Blocks Column-->\n\t\t\t\t\t\t\t\t<div class=\"services-blocks-column col-md-6 col-sm-6 col-xs-12\">\n\t\t\t\t\t\t\t\t\t<div class=\"inner-column\">\n\t\t\t\t\t\t\t\t\t\n\t\t\t\t\t\t\t\t\t\t\t\t\t\t\t\t\t\t\t\n\t\t\t\t\t\t\t\t\t\t<!--Service Single Block-->\n\t\t\t\t\t\t\t\t\t\t<div class=\"service-single-block\">\n\t\t\t\t\t\t\t\t\t\t\t<div class=\"inner-box\">\n\t\t\t\t\t\t\t\t\t\t\t\t<div class=\"icon-box\">\n\t\t\t\t\t\t\t\t\t\t\t\t\t<span class=\"icon \"><\/span>\n\t\t\t\t\t\t\t\t\t\t\t\t<\/div>\n\t\t\t\t\t\t\t\t\t\t\t\t<h3>Kierownik Zak\u0142adu Toksykologii Klinicznej i S\u0105dowej<\/h3>\n\t\t\t\t\t\t\t\t\t\t\t\t<div class=\"service-text\">dr n. med. Tomasz Janus <br><\/div>\n\t\t\t\t\t\t\t\t\t\t\t<\/div>\n\t\t\t\t\t\t\t\t\t\t<\/div>\n\t\t\t\t\t\t\t\t\t\t\n\t\t\t\t\t\t\t\t\t\t\t\t\t\t\t\t\t\t\t\n\t\t\t\t\t\t\t\t\t\t<!--Service Single Block-->\n\t\t\t\t\t\t\t\t\t\t<div class=\"service-single-block\">\n\t\t\t\t\t\t\t\t\t\t\t<div class=\"inner-box\">\n\t\t\t\t\t\t\t\t\t\t\t\t<div class=\"icon-box\">\n\t\t\t\t\t\t\t\t\t\t\t\t\t<span class=\"icon \"><\/span>\n\t\t\t\t\t\t\t\t\t\t\t\t<\/div>\n\t\t\t\t\t\t\t\t\t\t\t\t<h3>Pracownicy<\/h3>\n\t\t\t\t\t\t\t\t\t\t\t\t<div class=\"service-text\">dr n. med. Ma\u0142gorzata Kurzejamska-Parafiniuk <br>\n\ndr n. med. Barbara Potocka-Bana\u015b<br>\n\n\ndr n. med. Agnieszka Stachowicz<br>\n\nmgr in\u017c. Ewa Jasionowicz<br>\n\nmgr Sylwester \u0141u\u017cny<br><\/div>\n\t\t\t\t\t\t\t\t\t\t\t<\/div>\n\t\t\t\t\t\t\t\t\t\t<\/div>\n\t\t\t\t\t\t\t\t\t\t\n\t\t\t\t\t\t\t\t\t\t\n\t\t\t\t\t\t\t\t\t<\/div>\n\t\t\t\t\t\t\t\t<\/div>\n\t\t\t\t\t\t\t<\/div>\n\t\t\t\t\t\t<\/div>\n\t\t\t\t\t<\/div>\n\t\t\t\t<\/div>\n\t\t\t<\/div>\n\t\t<\/div>\n\t\t<!--End Services Single Section--> \n            \n\t\t\t\t\t\t<\/div>\n\t\t\t\t<\/div>\n\t\t\t\t<div class=\"elementor-element elementor-element-48433d2 elementor-widget elementor-widget-hozti_service_single_accordian\" data-id=\"48433d2\" data-element_type=\"widget\" data-e-type=\"widget\" data-widget_type=\"hozti_service_single_accordian.default\">\n\t\t\t\t<div class=\"elementor-widget-container\">\n\t\t\t\t\t\n\t\t<!--Services Single Section-->\n\t\t<div class=\"services-single-section four\">\n\t\t\t<div class=\"auto-container\">\n\t\t\t\t<div class=\"row clearfix\">\n\t\t\t\t\t<!--Content Column-->\n\t\t\t\t\t<div class=\"content-column col-xl-12 col-md-12 col-sm-12\">\n\t\t\t\t\t\t<!--Accordian Boxed-->\n\t\t\t\t\t\t<div class=\"accordian-boxed\">\n\t\t\t\t\t\t\t<h3>PRZEPROWADZANE BADANIA<\/h3>\n\t\t\t\t\t\t\t<!--Accordian Box \/ Style Three-->\n\t\t\t\t\t\t\t<ul class=\"accordion-box style-three\">\n\t\t\t\t\t\t\t\n\t\t\t\t\t\t\t\t\t\t\t\t\t\t\t\n\t\t\t\t\t\t\t\t<!--Block-->\n\t\t\t\t\t\t\t\t<li class=\"accordion block \">\n\t\t\t\t\t\t\t\t\t<div class=\"acc-btn  \"><div class=\"icon-outer\"><span class=\"icon icon-plus  icon-heart\"><\/span><\/div>Toksykologia kliniczna<\/div>\n\t\t\t\t\t\t\t\t\t<div class=\"acc-content current\">\n\t\t\t\t\t\t\t\t\t\t<div class=\"content\">\n\t\t\t\t\t\t\t\t\t\t\t<div class=\"accordian-text\">Aktualnie realizowany zakres bada\u0144 dla jednostek ochrony zdrowia znajduje si\u0119 na druku skierowania dost\u0119pnym po prawej stronie. <br \/> <br \/>\nNie wykonujemy prywatnych (odp\u0142atnych) bada\u0144 toksykologicznych. <\/div>\n\t\t\t\t\t\t\t\t\t\t<\/div>\n\t\t\t\t\t\t\t\t\t<\/div>\n\t\t\t\t\t\t\t\t<\/li>\n\t\t\t\t\t\t\t\t\n\t\t\t\t\t\t\t\t\t\t\t\t\t\t\t\n\t\t\t\t\t\t\t\t<!--Block-->\n\t\t\t\t\t\t\t\t<li class=\"accordion block active-block\">\n\t\t\t\t\t\t\t\t\t<div class=\"acc-btn  active\"><div class=\"icon-outer\"><span class=\"icon icon-plus  flaticon-bullseye\"><\/span><\/div>Toksykologia s\u0105dowa<\/div>\n\t\t\t\t\t\t\t\t\t<div class=\"acc-content current\">\n\t\t\t\t\t\t\t\t\t\t<div class=\"content\">\n\t\t\t\t\t\t\t\t\t\t\t<div class=\"accordian-text\">Wszelkie informacje dotycz\u0105ce cen i bada\u0144 udzielamy pod numerami telefon\u00f3w: <br \/>\n<b>Badania materia\u0142u biologicznego:<\/b>  +48 91 466 15 70 <br \/> \n<b>Badania fizykochemiczne materia\u0142u dowodowego:<\/b> <br \/>\n<b>Opinie alkoholowe na podstawie akt sprawy:<\/b> <br \/>\n<b>Opinie na podstawie akt:<\/b><\/div>\n\t\t\t\t\t\t\t\t\t\t<\/div>\n\t\t\t\t\t\t\t\t\t<\/div>\n\t\t\t\t\t\t\t\t<\/li>\n\t\t\t\t\t\t\t\t\n\t\t\t\t\t\t\t\t\t\t\t\t\t\t\t\t\n\t\t\t\t\t\t\t<\/ul>\n\t\t\t\t\t\t<\/div>\n\t\t\t\t\t<\/div>\n\t\t\t\t<\/div>\n\t\t\t<\/div>\n\t\t<\/div>\n\t\t<!--End Services Single Section--> \n            \n\t\t\t\t\t\t<\/div>\n\t\t\t\t<\/div>\n\t\t\t\t\t<\/div>\n\t\t<\/div>\n\t\t\t\t<div class=\"elementor-column elementor-col-33 elementor-top-column elementor-element elementor-element-43ca1a9\" data-id=\"43ca1a9\" data-element_type=\"column\" data-e-type=\"column\">\n\t\t\t<div class=\"elementor-widget-wrap elementor-element-populated\">\n\t\t\t\t\t\t<div class=\"elementor-element elementor-element-49e8b2e elementor-widget__width-inherit elementor-widget elementor-widget-hozti_service_single_hours\" data-id=\"49e8b2e\" data-element_type=\"widget\" data-e-type=\"widget\" data-widget_type=\"hozti_service_single_hours.default\">\n\t\t\t\t<div class=\"elementor-widget-container\">\n\t\t\t\t\t\n\t\t<!--Services Single Section-->\n\t\t<div class=\"services-single-section \">\n\t\t\t<div class=\"auto-container\">\n\t\t\t\t<div class=\"row clearfix\">\n\t\t\t\t\t<!--Content Column-->\n\t\t\t\t\t<div class=\"sidebar-column col-xl-12 col-sm-12\">\n\t\t\t\t\t\t<div class=\"inner-column\">\n\t\t\t\t\t\t\t<!--Hours Widget-->\n\t\t\t\t\t\t\t<div class=\"sidebar-widget-two hours-widget\">\n\t\t\t\t\t\t\t\t<div class=\"widget-content\">\n\t\t\t\t\t\t\t\t\t<div class=\"sidebar-title-two\">\n\t\t\t\t\t\t\t\t\t\t<h2>Toksykologia kliniczna     <\/h2>\n\t\t\t\t\t\t\t\t\t<\/div>\n\t\t\t\t\t\t\t\t\t<ul class=\"hours-time-list\">\n\t\t\t\t\t\t\t\t\t\t\t\t\t\t\t\t\t\t\t\t\t\t\t\t\t\t\t\t\t\t<p align=\"center\">\t\t\t\t\t\t\t\t\t\t\t\t\t\t\t\t\t\t\t\tNasze laboratorium pe\u0142ni ca\u0142odobowy dy\u017cur w zakresie toksykologii klinicznej.  <br \/>\t\t\t\t\t\t\t\t\t\t\t\t\t\t\t\t\t\t\t\tDruk skierowania poni\u017cej.\t\t\t\t\t\t\t\t\t\t\t\t\t\t\t\t\t\t\t\t<\/p>\t\t\t\t\t\t\t\t\t\t\t\t\t\t\t\t\t\t\t\t\t\t\t\t\t\t\t\t\t\t\t\t\t\t\t\t\t\t\t<\/ul>\n\t\t\t\t\t\t\t\t\t<div class=\"phone-number\">tel. +48 91 466 15 79<\/div>\n\t\t\t\t\t\t\t\t<\/div>\n\t\t\t\t\t\t\t<\/div>\n\t\t\t\t\t\t<\/div>\n\t\t\t\t\t<\/div>\n\t\t\t\t<\/div>\n\t\t\t<\/div>\n\t\t<\/div>\n\t\t<!--End Services Single Section--> \n            \n\t\t\t\t\t\t<\/div>\n\t\t\t\t<\/div>\n\t\t\t\t<div class=\"elementor-element elementor-element-424765c elementor-widget__width-inherit elementor-widget elementor-widget-hozti_service_single_hours\" data-id=\"424765c\" data-element_type=\"widget\" data-e-type=\"widget\" data-widget_type=\"hozti_service_single_hours.default\">\n\t\t\t\t<div class=\"elementor-widget-container\">\n\t\t\t\t\t\n\t\t<!--Services Single Section-->\n\t\t<div class=\"services-single-section \">\n\t\t\t<div class=\"auto-container\">\n\t\t\t\t<div class=\"row clearfix\">\n\t\t\t\t\t<!--Content Column-->\n\t\t\t\t\t<div class=\"sidebar-column col-xl-12 col-sm-12\">\n\t\t\t\t\t\t<div class=\"inner-column\">\n\t\t\t\t\t\t\t<!--Hours Widget-->\n\t\t\t\t\t\t\t<div class=\"sidebar-widget-two hours-widget\">\n\t\t\t\t\t\t\t\t<div class=\"widget-content\">\n\t\t\t\t\t\t\t\t\t<div class=\"sidebar-title-two\">\n\t\t\t\t\t\t\t\t\t\t<h2>Toksykologia S\u0105dowa<\/h2>\n\t\t\t\t\t\t\t\t\t<\/div>\n\t\t\t\t\t\t\t\t\t<ul class=\"hours-time-list\">\n\t\t\t\t\t\t\t\t\t\t\t\t\t\t\t\t\t\t\t\t\t\t\t\t\t\t\t\t\t\t<li class=\"clearfix\">Pon-pt<span>8.00 - 15.00<\/span><\/li>\t\t\t\t\t\t\t\t\t\t\t\t\t\t\t\t\t\t\t\t                                <li class=\"clearfix\">Sobota <span>nieczynne<\/span><\/li>\t\t\t\t\t\t\t\t\t\t\t\t\t\t\t\t\t\t\t\t                                <li class=\"clearfix\">Niedziela<span class=\"theme_color\">nieczynne<\/span><\/li>\t\t\t\t\t\t\t\t\t\t\t\t\t\t\t\t\t\t\t<\/ul>\n\t\t\t\t\t\t\t\t\t<div class=\"phone-number\">tel. +48 91 466 15 70<\/div>\n\t\t\t\t\t\t\t\t<\/div>\n\t\t\t\t\t\t\t<\/div>\n\t\t\t\t\t\t<\/div>\n\t\t\t\t\t<\/div>\n\t\t\t\t<\/div>\n\t\t\t<\/div>\n\t\t<\/div>\n\t\t<!--End Services Single Section--> \n            \n\t\t\t\t\t\t<\/div>\n\t\t\t\t<\/div>\n\t\t\t\t<div class=\"elementor-element elementor-element-bdd1b4c elementor-widget elementor-widget-hozti_service_single_branches\" data-id=\"bdd1b4c\" data-element_type=\"widget\" data-e-type=\"widget\" data-widget_type=\"hozti_service_single_branches.default\">\n\t\t\t\t<div class=\"elementor-widget-container\">\n\t\t\t\t\t\n\t\t<!--Services Single Section-->\n\t\t<div class=\"services-single-section \">\n\t\t\t<div class=\"auto-container\">\n\t\t\t\t<div class=\"row clearfix\">\n\t\t\t\t\t<!--Content Column-->\n\t\t\t\t\t<div class=\"sidebar-column col-xl-12 col-sm-12\">\n\t\t\t\t\t\t<div class=\"inner-column\">\n\t\t\t\t\t\t\t<!--Branches Widget-->\n\t\t\t\t\t\t\t<div class=\"sidebar-widget-two branches-widget\">\n\t\t\t\t\t\t\t\t<div class=\"widget-content\">\n\t\t\t\t\t\t\t\t\t<div class=\"sidebar-title-two\">\n\t\t\t\t\t\t\t\t\t\t<h2>Dokumenty do pobrania<\/h2>\n\t\t\t\t\t\t\t\t\t<\/div>\n\t\t\t\t\t\t\t\t\t<ul class=\"branch-list\">\n\t\t\t\t\t\t\t\t\t\n\t\t\t\t\t\t\t\t\t\t\t\n\t\t\t\t\t\t\t\t\t\n\t\t\t\t\t\t\t\t\t\t<li><span class=\"icon fas fa-file-pdf\"><\/span><a href=\"http:\/\/zms.pum.edu.pl\/wp-content\/uploads\/2024\/08\/SKIER-TOXTDM.pdf\">SKIEROWANIE NA BADANIE TOKSYKOLOGICZNE \/ TDM <span class=\"mb\">Ostatnia zmiana: 02-08-2024 <\/span><\/a><\/li>\n\t\t\t\t\t\t\t\t\t\t\n\t\t\t\t\t\t\t\t\t\t\t\n\t\t\t\t\t\t\t\t\t\n\t\t\t\t\t\t\t\t\t\t<li><span class=\"icon fas fa-file-pdf\"><\/span><a href=\"\">Testy dla marynarzy <span class=\"mb\">Procedura<\/span><\/a><\/li>\n\t\t\t\t\t\t\t\t\t\t\n\t\t\t\t\t\t\t\t\t\t\t\t\t\t\t\t\t\t\t\t\n\t\t\t\t\t\t\t\t\t<\/ul>\n\t\t\t\t\t\t\t\t<\/div>\n\t\t\t\t\t\t\t<\/div>\n\t\t\t\t\t\t<\/div>\n\t\t\t\t\t<\/div>\n\t\t\t\t<\/div>\n\t\t\t<\/div>\n\t\t<\/div>\n\t\t<!--End Services Single Section--> \n            \n\t\t\t\t\t\t<\/div>\n\t\t\t\t<\/div>\n\t\t\t\t\t<\/div>\n\t\t<\/div>\n\t\t\t\t\t<\/div>\n\t\t<\/section>\n\t\t\t\t<\/div>\n\t\t","protected":false},"excerpt":{"rendered":"<p>Zak\u0142ad Toksykologii Klinicznej i S\u0105dowej Pracownie Toksykologii Klinicznej i S\u0105dowej powsta\u0142y w 1989 roku. Realizujemy szeroki wachlarz dzia\u0142a\u0144, kt\u00f3rych zasadniczym celem jest okre\u015blenie przyczyn zatrucia. W zak\u0142adzie realizowane s\u0105 badania z zakresu toksykologii klinicznej (okre\u015blanie przyczyn zatrucia, terapia monitorowana st\u0119\u017ceniem leku), a tak\u017ce badania i ekspertyzy z zakresu toksykologii s\u0105dowej m.in. badania trze\u017awo\u015bci kieruj\u0105cych, analizy [&hellip;]<\/p>\n","protected":false},"author":1,"featured_media":0,"parent":0,"menu_order":0,"comment_status":"closed","ping_status":"closed","template":"tpl-default-elementor.php","meta":{"footnotes":""},"class_list":["post-28","page","type-page","status-publish","hentry"],"_links":{"self":[{"href":"https:\/\/zms.pum.edu.pl\/index.php?rest_route=\/wp\/v2\/pages\/28","targetHints":{"allow":["GET"]}}],"collection":[{"href":"https:\/\/zms.pum.edu.pl\/index.php?rest_route=\/wp\/v2\/pages"}],"about":[{"href":"https:\/\/zms.pum.edu.pl\/index.php?rest_route=\/wp\/v2\/types\/page"}],"author":[{"embeddable":true,"href":"https:\/\/zms.pum.edu.pl\/index.php?rest_route=\/wp\/v2\/users\/1"}],"replies":[{"embeddable":true,"href":"https:\/\/zms.pum.edu.pl\/index.php?rest_route=%2Fwp%2Fv2%2Fcomments&post=28"}],"version-history":[{"count":152,"href":"https:\/\/zms.pum.edu.pl\/index.php?rest_route=\/wp\/v2\/pages\/28\/revisions"}],"predecessor-version":[{"id":2695,"href":"https:\/\/zms.pum.edu.pl\/index.php?rest_route=\/wp\/v2\/pages\/28\/revisions\/2695"}],"wp:attachment":[{"href":"https:\/\/zms.pum.edu.pl\/index.php?rest_route=%2Fwp%2Fv2%2Fmedia&parent=28"}],"curies":[{"name":"wp","href":"https:\/\/api.w.org\/{rel}","templated":true}]}}