{"id":31,"date":"2020-07-19T04:10:54","date_gmt":"2020-07-19T02:10:54","guid":{"rendered":"https:\/\/old3.commonsupport.com\/wp\/hozti\/?page_id=31"},"modified":"2022-07-07T22:12:14","modified_gmt":"2022-07-07T20:12:14","slug":"newsy","status":"publish","type":"page","link":"https:\/\/zms.pum.edu.pl\/?page_id=31","title":{"rendered":"AKTUALNO\u015aCI"},"content":{"rendered":"\t\t<div data-elementor-type=\"wp-page\" data-elementor-id=\"31\" class=\"elementor elementor-31\">\n\t\t\t\t\t\t<section class=\"elementor-section elementor-top-section elementor-element elementor-element-4accde9d elementor-section-stretched elementor-section-full_width elementor-section-height-default elementor-section-height-default\" data-id=\"4accde9d\" data-element_type=\"section\" data-e-type=\"section\" data-settings=\"{&quot;stretch_section&quot;:&quot;section-stretched&quot;}\">\n\t\t\t\t\t\t<div class=\"elementor-container elementor-column-gap-no\">\n\t\t\t\t\t<div class=\"elementor-column elementor-col-100 elementor-top-column elementor-element elementor-element-5a2c64a4\" data-id=\"5a2c64a4\" data-element_type=\"column\" data-e-type=\"column\">\n\t\t\t<div class=\"elementor-widget-wrap elementor-element-populated\">\n\t\t\t\t\t\t<div class=\"elementor-element elementor-element-35454264 elementor-widget elementor-widget-hozti_case1\" data-id=\"35454264\" data-element_type=\"widget\" data-e-type=\"widget\" data-widget_type=\"hozti_case1.default\">\n\t\t\t\t<div class=\"elementor-widget-container\">\n\t\t\t\t\t\n\t\t<!--Case Page Section-->\n\t\t<div class=\"case-page-section \">\n\t\t\t<div class=\"auto-container\">\n\t\t\t\t<div class=\"inner-container\">\n\t\t\t\t\t<div class=\"row clearfix\">\n\t\t\t\t\t\n\t\t\t\t\t\t\t\n\t\t\t\t\t\n\t\t\t\t\t\t<!--Project Block-->\n\t\t\t\t\t\t<div class=\"project-block col-xl-6 col-md-12 col-sm-12\">\n\t\t\t\t\t\t\t<div class=\"inner-box\">\n\t\t\t\t\t\t\t\t<div class=\"image\">\n\t\t\t\t\t\t\t\t\t<img decoding=\"async\" src=\"https:\/\/zms.pum.edu.pl\/wp-content\/uploads\/2022\/05\/3.jpg\" alt=\"\"\/>\n\t\t\t\t\t\t\t\t\t<div class=\"overlay-box\">\n\t\t\t\t\t\t\t\t\t\t<div class=\"overlay-inner\">\n\t\t\t\t\t\t\t\t\t\t\t<div class=\"category\">Zak\u0142ad Genetyki S\u0105dowej<\/div>\n\t\t\t\t\t\t\t\t\t\t<\/div>\n\t\t\t\t\t\t\t\t\t<\/div>\n\t\t\t\t\t\t\t\t<\/div>\n\t\t\t\t\t\t\t\t<div class=\"lower-content\">\n\t\t\t\t\t\t\t\t\t<div class=\"content-inner\">\n\t\t\t\t\t\t\t\t\t\t<h2>Nowa, ni\u017csza cena bada\u0144 w dochodzeniu na sporne ojcostwo<\/h2>\n\t\t\t\t\t\t\t\t\t\t<div class=\"text\">Nowa, ni\u017csza cena bada\u0144 w dochodzeniu na sporne ojcostwo<\/div>\n\t\t\t\t\t\t\t\t\t\t<a href=\"http:\/\/muzeo.home.pl\/autoinstalator\/wordpress5\/index.php\/hozti_project\/testowy\/\" class=\"go\">Czytaj <\/a>\n\t\t\t\t\t\t\t\t\t<\/div>\n\t\t\t\t\t\t\t\t<\/div>\n\t\t\t\t\t\t\t<\/div>\n\t\t\t\t\t\t<\/div>\n\t\t\t\t\t\t\n\t\t\t\t\t\t\t\n\t\t\t\t\t\n\t\t\t\t\t\t<!--Project Block-->\n\t\t\t\t\t\t<div class=\"project-block col-xl-6 col-md-12 col-sm-12\">\n\t\t\t\t\t\t\t<div class=\"inner-box\">\n\t\t\t\t\t\t\t\t<div class=\"image\">\n\t\t\t\t\t\t\t\t\t<img decoding=\"async\" src=\"https:\/\/zms.pum.edu.pl\/wp-content\/uploads\/2022\/05\/1.jpg\" alt=\"\"\/>\n\t\t\t\t\t\t\t\t\t<div class=\"overlay-box\">\n\t\t\t\t\t\t\t\t\t\t<div class=\"overlay-inner\">\n\t\t\t\t\t\t\t\t\t\t\t<div class=\"category\">Zak\u0142ad Medycyny S\u0105dowej<\/div>\n\t\t\t\t\t\t\t\t\t\t<\/div>\n\t\t\t\t\t\t\t\t\t<\/div>\n\t\t\t\t\t\t\t\t<\/div>\n\t\t\t\t\t\t\t\t<div class=\"lower-content\">\n\t\t\t\t\t\t\t\t\t<div class=\"content-inner\">\n\t\t\t\t\t\t\t\t\t\t<h2>Kurs specjalizacyjny: prawo medyczne<\/h2>\n\t\t\t\t\t\t\t\t\t\t<div class=\"text\">Kurs specjalizacyjny: prawo medyczne<\/div>\n\t\t\t\t\t\t\t\t\t\t<a href=\"https:\/\/old3.commonsupport.com\/wp\/hozti\/single-case-studies\/\" class=\"go\">Czytaj <\/a>\n\t\t\t\t\t\t\t\t\t<\/div>\n\t\t\t\t\t\t\t\t<\/div>\n\t\t\t\t\t\t\t<\/div>\n\t\t\t\t\t\t<\/div>\n\t\t\t\t\t\t\n\t\t\t\t\t\t\t\n\t\t\t\t\t\n\t\t\t\t\t\t<!--Project Block-->\n\t\t\t\t\t\t<div class=\"project-block col-xl-6 col-md-12 col-sm-12\">\n\t\t\t\t\t\t\t<div class=\"inner-box\">\n\t\t\t\t\t\t\t\t<div class=\"image\">\n\t\t\t\t\t\t\t\t\t<img decoding=\"async\" src=\"https:\/\/zms.pum.edu.pl\/wp-content\/uploads\/2022\/05\/5.jpg\" alt=\"\"\/>\n\t\t\t\t\t\t\t\t\t<div class=\"overlay-box\">\n\t\t\t\t\t\t\t\t\t\t<div class=\"overlay-inner\">\n\t\t\t\t\t\t\t\t\t\t\t<div class=\"category\">Zak\u0142ad Medycyny S\u0105dowej<\/div>\n\t\t\t\t\t\t\t\t\t\t<\/div>\n\t\t\t\t\t\t\t\t\t<\/div>\n\t\t\t\t\t\t\t\t<\/div>\n\t\t\t\t\t\t\t\t<div class=\"lower-content\">\n\t\t\t\t\t\t\t\t\t<div class=\"content-inner\">\n\t\t\t\t\t\t\t\t\t\t<h2>Szkolenie z zakresu Prawa Medycznego<\/h2>\n\t\t\t\t\t\t\t\t\t\t<div class=\"text\">Szkolenie z zakresu Prawa Medycznego<\/div>\n\t\t\t\t\t\t\t\t\t\t<a href=\"https:\/\/old3.commonsupport.com\/wp\/hozti\/single-case-studies\/\" class=\"go\">Czytaj <\/a>\n\t\t\t\t\t\t\t\t\t<\/div>\n\t\t\t\t\t\t\t\t<\/div>\n\t\t\t\t\t\t\t<\/div>\n\t\t\t\t\t\t<\/div>\n\t\t\t\t\t\t\n\t\t\t\t\t\t\t\n\t\t\t\t\t\n\t\t\t\t\t\t<!--Project Block-->\n\t\t\t\t\t\t<div class=\"project-block col-xl-6 col-md-12 col-sm-12\">\n\t\t\t\t\t\t\t<div class=\"inner-box\">\n\t\t\t\t\t\t\t\t<div class=\"image\">\n\t\t\t\t\t\t\t\t\t<img decoding=\"async\" src=\"https:\/\/zms.pum.edu.pl\/wp-content\/uploads\/2022\/06\/Zrzut-ekranu-2022-06-9-o-09.36.57.png\" alt=\"\"\/>\n\t\t\t\t\t\t\t\t\t<div class=\"overlay-box\">\n\t\t\t\t\t\t\t\t\t\t<div class=\"overlay-inner\">\n\t\t\t\t\t\t\t\t\t\t\t<div class=\"category\">Zak\u0142ad Genetyki S\u0105dowej<\/div>\n\t\t\t\t\t\t\t\t\t\t<\/div>\n\t\t\t\t\t\t\t\t\t<\/div>\n\t\t\t\t\t\t\t\t<\/div>\n\t\t\t\t\t\t\t\t<div class=\"lower-content\">\n\t\t\t\t\t\t\t\t\t<div class=\"content-inner\">\n\t\t\t\t\t\t\t\t\t\t<h2>Jan Kasprzyk<br> w PBGOT<\/h2>\n\t\t\t\t\t\t\t\t\t\t<div class=\"text\">Jan Kasprzyk w PBGOT<\/div>\n\t\t\t\t\t\t\t\t\t\t<a href=\"https:\/\/old3.commonsupport.com\/wp\/hozti\/single-case-studies\/\" class=\"go\">Czytaj <\/a>\n\t\t\t\t\t\t\t\t\t<\/div>\n\t\t\t\t\t\t\t\t<\/div>\n\t\t\t\t\t\t\t<\/div>\n\t\t\t\t\t\t<\/div>\n\t\t\t\t\t\t\n\t\t\t\t\t\t\t\n\t\t\t\t\t\n\t\t\t\t\t\t<!--Project Block-->\n\t\t\t\t\t\t<div class=\"project-block col-xl-6 col-md-12 col-sm-12\">\n\t\t\t\t\t\t\t<div class=\"inner-box\">\n\t\t\t\t\t\t\t\t<div class=\"image\">\n\t\t\t\t\t\t\t\t\t<img decoding=\"async\" src=\"https:\/\/zms.pum.edu.pl\/wp-content\/uploads\/2022\/06\/Zrzut-ekranu-2022-06-9-o-09.37.59.png\" alt=\"\"\/>\n\t\t\t\t\t\t\t\t\t<div class=\"overlay-box\">\n\t\t\t\t\t\t\t\t\t\t<div class=\"overlay-inner\">\n\t\t\t\t\t\t\t\t\t\t\t<div class=\"category\">Prosektorium<\/div>\n\t\t\t\t\t\t\t\t\t\t<\/div>\n\t\t\t\t\t\t\t\t\t<\/div>\n\t\t\t\t\t\t\t\t<\/div>\n\t\t\t\t\t\t\t\t<div class=\"lower-content\">\n\t\t\t\t\t\t\t\t\t<div class=\"content-inner\">\n\t\t\t\t\t\t\t\t\t\t<h2>Regulamin zasad<br> Prosektorium<\/h2>\n\t\t\t\t\t\t\t\t\t\t<div class=\"text\">Explain to you how all this mistaken idea of there anyone who loves or pursues.<\/div>\n\t\t\t\t\t\t\t\t\t\t<a href=\"https:\/\/old3.commonsupport.com\/wp\/hozti\/single-case-studies\/\" class=\"go\">Czytaj <\/a>\n\t\t\t\t\t\t\t\t\t<\/div>\n\t\t\t\t\t\t\t\t<\/div>\n\t\t\t\t\t\t\t<\/div>\n\t\t\t\t\t\t<\/div>\n\t\t\t\t\t\t\n\t\t\t\t\t\t\t\t\t\t\t\t\n\t\t\t\t\t<\/div>\n\t\t\t\t<\/div>\n\t\t\t<\/div>\n\t\t<\/div>\n\t\t<!--End Case Page Section-->\n            \n\t\t\t\t\t\t<\/div>\n\t\t\t\t<\/div>\n\t\t\t\t\t<\/div>\n\t\t<\/div>\n\t\t\t\t\t<\/div>\n\t\t<\/section>\n\t\t\t\t<\/div>\n\t\t","protected":false},"excerpt":{"rendered":"<p>Zak\u0142ad Genetyki S\u0105dowej Nowa, ni\u017csza cena bada\u0144 w dochodzeniu na sporne ojcostwo Nowa, ni\u017csza cena bada\u0144 w dochodzeniu na sporne ojcostwo Czytaj Zak\u0142ad Medycyny S\u0105dowej Kurs specjalizacyjny: prawo medyczne Kurs specjalizacyjny: prawo medyczne Czytaj Zak\u0142ad Medycyny S\u0105dowej Szkolenie z zakresu Prawa Medycznego Szkolenie z zakresu Prawa Medycznego Czytaj Zak\u0142ad Genetyki S\u0105dowej Jan Kasprzyk w PBGOT [&hellip;]<\/p>\n","protected":false},"author":1,"featured_media":0,"parent":0,"menu_order":0,"comment_status":"closed","ping_status":"closed","template":"","meta":{"footnotes":""},"class_list":["post-31","page","type-page","status-publish","hentry"],"_links":{"self":[{"href":"https:\/\/zms.pum.edu.pl\/index.php?rest_route=\/wp\/v2\/pages\/31","targetHints":{"allow":["GET"]}}],"collection":[{"href":"https:\/\/zms.pum.edu.pl\/index.php?rest_route=\/wp\/v2\/pages"}],"about":[{"href":"https:\/\/zms.pum.edu.pl\/index.php?rest_route=\/wp\/v2\/types\/page"}],"author":[{"embeddable":true,"href":"https:\/\/zms.pum.edu.pl\/index.php?rest_route=\/wp\/v2\/users\/1"}],"replies":[{"embeddable":true,"href":"https:\/\/zms.pum.edu.pl\/index.php?rest_route=%2Fwp%2Fv2%2Fcomments&post=31"}],"version-history":[{"count":11,"href":"https:\/\/zms.pum.edu.pl\/index.php?rest_route=\/wp\/v2\/pages\/31\/revisions"}],"predecessor-version":[{"id":2105,"href":"https:\/\/zms.pum.edu.pl\/index.php?rest_route=\/wp\/v2\/pages\/31\/revisions\/2105"}],"wp:attachment":[{"href":"https:\/\/zms.pum.edu.pl\/index.php?rest_route=%2Fwp%2Fv2%2Fmedia&parent=31"}],"curies":[{"name":"wp","href":"https:\/\/api.w.org\/{rel}","templated":true}]}}