{"id":42,"date":"2020-07-19T04:12:41","date_gmt":"2020-07-19T02:12:41","guid":{"rendered":"https:\/\/old3.commonsupport.com\/wp\/hozti\/?page_id=42"},"modified":"2026-01-26T11:39:07","modified_gmt":"2026-01-26T10:39:07","slug":"lekarski","status":"publish","type":"page","link":"https:\/\/zms.pum.edu.pl\/?page_id=42","title":{"rendered":"Lekarski"},"content":{"rendered":"\t\t<div data-elementor-type=\"wp-page\" data-elementor-id=\"42\" class=\"elementor elementor-42\">\n\t\t\t\t\t\t<section class=\"elementor-section elementor-top-section elementor-element elementor-element-4b64138 elementor-section-boxed elementor-section-height-default elementor-section-height-default\" data-id=\"4b64138\" data-element_type=\"section\" data-e-type=\"section\">\n\t\t\t\t\t\t<div class=\"elementor-container elementor-column-gap-no\">\n\t\t\t\t\t<div class=\"elementor-column elementor-col-66 elementor-top-column elementor-element elementor-element-a3d6262\" data-id=\"a3d6262\" data-element_type=\"column\" data-e-type=\"column\">\n\t\t\t<div class=\"elementor-widget-wrap elementor-element-populated\">\n\t\t\t\t\t\t<div class=\"elementor-element elementor-element-3a766fe elementor-widget elementor-widget-hozti_service_single_title\" data-id=\"3a766fe\" data-element_type=\"widget\" data-e-type=\"widget\" data-widget_type=\"hozti_service_single_title.default\">\n\t\t\t\t<div class=\"elementor-widget-container\">\n\t\t\t\t\t\n\t\t<!--Services Single Section-->\n\t\t<div class=\"services-single-section one\">\n\t\t\t<div class=\"auto-container\">\n\t\t\t\t<div class=\"row clearfix\">\n\t\t\t\t\t<!--Content Column-->\n\t\t\t\t\t<div class=\"content-column col-xl-12 col-md-12 col-sm-12\">\n\t\t\t\t\t\t<div class=\"inner-column\">\n\t\t\t\t\t\t\t<h2>Plany zaj\u0119\u0107 - Zak\u0142ad Medycyny S\u0105dowej<\/h2>\n\t\t\t\t\t\t\t<div class=\"text\"><a href=\"http:\/\/zms.pum.edu.pl\/wp-content\/uploads\/2026\/01\/PLAN-LEKARSKI-gr-S3-26.01-05.02.2026.docx\">Lekarski S3 26.01.2025 - 05.02.2025<\/a><\/div>\n\t\t\t\t\t\t<\/div>\n\t\t\t\t\t<\/div>\n\t\t\t\t<\/div>\n\t\t\t<\/div>\n\t\t<\/div>\n\t\t<!--End Services Single Section--> \n            \n\t\t\t\t\t\t<\/div>\n\t\t\t\t<\/div>\n\t\t\t\t<div class=\"elementor-element elementor-element-c3d9c08 elementor-widget elementor-widget-hozti_service_single_title\" data-id=\"c3d9c08\" data-element_type=\"widget\" data-e-type=\"widget\" data-widget_type=\"hozti_service_single_title.default\">\n\t\t\t\t<div class=\"elementor-widget-container\">\n\t\t\t\t\t\n\t\t<!--Services Single Section-->\n\t\t<div class=\"services-single-section one\">\n\t\t\t<div class=\"auto-container\">\n\t\t\t\t<div class=\"row clearfix\">\n\t\t\t\t\t<!--Content Column-->\n\t\t\t\t\t<div class=\"content-column col-xl-12 col-md-12 col-sm-12\">\n\t\t\t\t\t\t<div class=\"inner-column\">\n\t\t\t\t\t\t\t<h2>Plany zaj\u0119\u0107 - Zak\u0142ad toksykologii klinicznej i s\u0105dowej<\/h2>\n\t\t\t\t\t\t\t<div class=\"text\">\n<\/div>\n\t\t\t\t\t\t<\/div>\n\t\t\t\t\t<\/div>\n\t\t\t\t<\/div>\n\t\t\t<\/div>\n\t\t<\/div>\n\t\t<!--End Services Single Section--> \n            \n\t\t\t\t\t\t<\/div>\n\t\t\t\t<\/div>\n\t\t\t\t<div class=\"elementor-element elementor-element-4b3989a elementor-widget elementor-widget-hozti_service_single_title\" data-id=\"4b3989a\" data-element_type=\"widget\" data-e-type=\"widget\" data-widget_type=\"hozti_service_single_title.default\">\n\t\t\t\t<div class=\"elementor-widget-container\">\n\t\t\t\t\t\n\t\t<!--Services Single Section-->\n\t\t<div class=\"services-single-section one\">\n\t\t\t<div class=\"auto-container\">\n\t\t\t\t<div class=\"row clearfix\">\n\t\t\t\t\t<!--Content Column-->\n\t\t\t\t\t<div class=\"content-column col-xl-12 col-md-12 col-sm-12\">\n\t\t\t\t\t\t<div class=\"inner-column\">\n\t\t\t\t\t\t\t<h2>Plany zaj\u0119\u0107 - Zak\u0142ad Genetyki s\u0105dowej<\/h2>\n\t\t\t\t\t\t\t<div class=\"text\"><\/div>\n\t\t\t\t\t\t<\/div>\n\t\t\t\t\t<\/div>\n\t\t\t\t<\/div>\n\t\t\t<\/div>\n\t\t<\/div>\n\t\t<!--End Services Single Section--> \n            \n\t\t\t\t\t\t<\/div>\n\t\t\t\t<\/div>\n\t\t\t\t\t<\/div>\n\t\t<\/div>\n\t\t\t\t<div class=\"elementor-column elementor-col-33 elementor-top-column elementor-element elementor-element-97288e4\" data-id=\"97288e4\" data-element_type=\"column\" data-e-type=\"column\">\n\t\t\t<div class=\"elementor-widget-wrap elementor-element-populated\">\n\t\t\t\t\t\t<div class=\"elementor-element elementor-element-e5fad85 elementor-widget elementor-widget-hozti_service_single_branches\" data-id=\"e5fad85\" data-element_type=\"widget\" data-e-type=\"widget\" data-widget_type=\"hozti_service_single_branches.default\">\n\t\t\t\t<div class=\"elementor-widget-container\">\n\t\t\t\t\t\n\t\t<!--Services Single Section-->\n\t\t<div class=\"services-single-section \">\n\t\t\t<div class=\"auto-container\">\n\t\t\t\t<div class=\"row clearfix\">\n\t\t\t\t\t<!--Content Column-->\n\t\t\t\t\t<div class=\"sidebar-column col-xl-12 col-sm-12\">\n\t\t\t\t\t\t<div class=\"inner-column\">\n\t\t\t\t\t\t\t<!--Branches Widget-->\n\t\t\t\t\t\t\t<div class=\"sidebar-widget-two branches-widget\">\n\t\t\t\t\t\t\t\t<div class=\"widget-content\">\n\t\t\t\t\t\t\t\t\t<div class=\"sidebar-title-two\">\n\t\t\t\t\t\t\t\t\t\t<h2>Regulaminy zaj\u0119\u0107<\/h2>\n\t\t\t\t\t\t\t\t\t<\/div>\n\t\t\t\t\t\t\t\t\t<ul class=\"branch-list\">\n\t\t\t\t\t\t\t\t\t\n\t\t\t\t\t\t\t\t\t\t\t\n\t\t\t\t\t\t\t\t\t\n\t\t\t\t\t\t\t\t\t\t<li><span class=\"icon far fa-file-pdf\"><\/span><a href=\"http:\/\/zms.pum.edu.pl\/wp-content\/uploads\/2024\/10\/reg-lek-24-2520241002.pdf\">Toksykologia <span class=\"mb\">Lekarski - IV rok 2024\/25<\/span><\/a><\/li>\n\t\t\t\t\t\t\t\t\t\t\n\t\t\t\t\t\t\t\t\t\t\t\n\t\t\t\t\t\t\t\t\t\n\t\t\t\t\t\t\t\t\t\t<li><span class=\"icon far fa-file-pdf\"><\/span><a href=\"http:\/\/zms.pum.edu.pl\/wp-content\/uploads\/2024\/10\/REGULAMIN-Medycyna-Sadowa.pdf\">Prawo i medycyna s\u0105dowa <span class=\"mb\">2024\/25<\/span><\/a><\/li>\n\t\t\t\t\t\t\t\t\t\t\n\t\t\t\t\t\t\t\t\t\t\t\n\t\t\t\t\t\t\t\t\t\n\t\t\t\t\t\t\t\t\t\t<li><span class=\"icon far fa-file-pdf\"><\/span><a href=\"http:\/\/zms.pum.edu.pl\/wp-content\/uploads\/2024\/10\/REGULAMIN-Zajecia-fakultatywne-Lekarz-tez-moze-byc-jak-Sherlock-Holmes.pdf\">Lekarz te\u017c mo\u017ce by\u0107 jak Sherlock Holmes <span class=\"mb\">2024\/25<\/span><\/a><\/li>\n\t\t\t\t\t\t\t\t\t\t\n\t\t\t\t\t\t\t\t\t\t\t\t\t\t\t\t\t\t\t\t\n\t\t\t\t\t\t\t\t\t<\/ul>\n\t\t\t\t\t\t\t\t<\/div>\n\t\t\t\t\t\t\t<\/div>\n\t\t\t\t\t\t<\/div>\n\t\t\t\t\t<\/div>\n\t\t\t\t<\/div>\n\t\t\t<\/div>\n\t\t<\/div>\n\t\t<!--End Services Single Section--> \n            \n\t\t\t\t\t\t<\/div>\n\t\t\t\t<\/div>\n\t\t\t\t\t<\/div>\n\t\t<\/div>\n\t\t\t\t\t<\/div>\n\t\t<\/section>\n\t\t\t\t<section class=\"elementor-section elementor-top-section elementor-element elementor-element-a1a2595 elementor-section-boxed elementor-section-height-default elementor-section-height-default\" data-id=\"a1a2595\" data-element_type=\"section\" data-e-type=\"section\">\n\t\t\t\t\t\t<div class=\"elementor-container elementor-column-gap-default\">\n\t\t\t\t\t<div class=\"elementor-column elementor-col-100 elementor-top-column elementor-element elementor-element-0f499ca\" data-id=\"0f499ca\" data-element_type=\"column\" data-e-type=\"column\">\n\t\t\t<div class=\"elementor-widget-wrap elementor-element-populated\">\n\t\t\t\t\t\t<div class=\"elementor-element elementor-element-9e40636 elementor-widget elementor-widget-spacer\" data-id=\"9e40636\" data-element_type=\"widget\" data-e-type=\"widget\" data-widget_type=\"spacer.default\">\n\t\t\t\t<div class=\"elementor-widget-container\">\n\t\t\t\t\t\t\t<div class=\"elementor-spacer\">\n\t\t\t<div class=\"elementor-spacer-inner\"><\/div>\n\t\t<\/div>\n\t\t\t\t\t\t<\/div>\n\t\t\t\t<\/div>\n\t\t\t\t\t<\/div>\n\t\t<\/div>\n\t\t\t\t\t<\/div>\n\t\t<\/section>\n\t\t\t\t<section class=\"elementor-section elementor-top-section elementor-element elementor-element-fef6413 elementor-section-boxed elementor-section-height-default elementor-section-height-default\" data-id=\"fef6413\" data-element_type=\"section\" data-e-type=\"section\">\n\t\t\t\t\t\t<div class=\"elementor-container elementor-column-gap-default\">\n\t\t\t\t\t<div class=\"elementor-column elementor-col-100 elementor-top-column elementor-element elementor-element-48ba809\" data-id=\"48ba809\" data-element_type=\"column\" data-e-type=\"column\">\n\t\t\t<div class=\"elementor-widget-wrap elementor-element-populated\">\n\t\t\t\t\t\t<div class=\"elementor-element elementor-element-21ea212 elementor-widget elementor-widget-hozti_service_single_branches\" data-id=\"21ea212\" data-element_type=\"widget\" data-e-type=\"widget\" data-widget_type=\"hozti_service_single_branches.default\">\n\t\t\t\t<div class=\"elementor-widget-container\">\n\t\t\t\t\t\n\t\t<!--Services Single Section-->\n\t\t<div class=\"services-single-section \">\n\t\t\t<div class=\"auto-container\">\n\t\t\t\t<div class=\"row clearfix\">\n\t\t\t\t\t<!--Content Column-->\n\t\t\t\t\t<div class=\"sidebar-column col-xl-12 col-sm-12\">\n\t\t\t\t\t\t<div class=\"inner-column\">\n\t\t\t\t\t\t\t<!--Branches Widget-->\n\t\t\t\t\t\t\t<div class=\"sidebar-widget-two branches-widget\">\n\t\t\t\t\t\t\t\t<div class=\"widget-content\">\n\t\t\t\t\t\t\t\t\t<div class=\"sidebar-title-two\">\n\t\t\t\t\t\t\t\t\t\t<h2>Sylabusy<\/h2>\n\t\t\t\t\t\t\t\t\t<\/div>\n\t\t\t\t\t\t\t\t\t<ul class=\"branch-list\">\n\t\t\t\t\t\t\t\t\t\n\t\t\t\t\t\t\t\t\t\t\t\n\t\t\t\t\t\t\t\t\t\n\t\t\t\t\t\t\t\t\t\t<li><span class=\"icon far fa-file-pdf\"><\/span><a href=\"http:\/\/zms.pum.edu.pl\/wp-content\/uploads\/2024\/10\/Sylabus-_LEK_23_24.docm\">Toksykologia <span class=\"mb\">2024\/25<\/span><\/a><\/li>\n\t\t\t\t\t\t\t\t\t\t\n\t\t\t\t\t\t\t\t\t\t\t\n\t\t\t\t\t\t\t\t\t\n\t\t\t\t\t\t\t\t\t\t<li><span class=\"icon far fa-file-pdf\"><\/span><a href=\"http:\/\/zms.pum.edu.pl\/wp-content\/uploads\/2024\/10\/SYLABUS-Prawo_i__Medycyna__Sadowa_4_rok_2024_2025.pdf\">Prawo i Medycyna S\u0105dowa <span class=\"mb\">2024\/25<\/span><\/a><\/li>\n\t\t\t\t\t\t\t\t\t\t\n\t\t\t\t\t\t\t\t\t\t\t\n\t\t\t\t\t\t\t\t\t\n\t\t\t\t\t\t\t\t\t\t<li><span class=\"icon far fa-file-pdf\"><\/span><a href=\"http:\/\/zms.pum.edu.pl\/wp-content\/uploads\/2024\/10\/SYLABUS-Lekarz_moze_byc_jak_Sherlock_Holmes_Lek_2024_2025.pdf\">Lekarz te\u017c mo\u017ce by\u0107 jak Sherlock Holmes <span class=\"mb\">2024\/25<\/span><\/a><\/li>\n\t\t\t\t\t\t\t\t\t\t\n\t\t\t\t\t\t\t\t\t\t\t\t\t\t\t\t\t\t\t\t\n\t\t\t\t\t\t\t\t\t<\/ul>\n\t\t\t\t\t\t\t\t<\/div>\n\t\t\t\t\t\t\t<\/div>\n\t\t\t\t\t\t<\/div>\n\t\t\t\t\t<\/div>\n\t\t\t\t<\/div>\n\t\t\t<\/div>\n\t\t<\/div>\n\t\t<!--End Services Single Section--> \n            \n\t\t\t\t\t\t<\/div>\n\t\t\t\t<\/div>\n\t\t\t\t\t<\/div>\n\t\t<\/div>\n\t\t\t\t\t<\/div>\n\t\t<\/section>\n\t\t\t\t<\/div>\n\t\t","protected":false},"excerpt":{"rendered":"<p>Plany zaj\u0119\u0107 &#8211; Zak\u0142ad Medycyny S\u0105dowej Lekarski S3 26.01.2025 &#8211; 05.02.2025 Plany zaj\u0119\u0107 &#8211; Zak\u0142ad toksykologii klinicznej i s\u0105dowej Plany zaj\u0119\u0107 &#8211; Zak\u0142ad Genetyki s\u0105dowej Regulaminy zaj\u0119\u0107 Toksykologia Lekarski &#8211; IV rok 2024\/25 Prawo i medycyna s\u0105dowa 2024\/25 Lekarz te\u017c mo\u017ce by\u0107 jak Sherlock Holmes 2024\/25 Sylabusy Toksykologia 2024\/25 Prawo i Medycyna S\u0105dowa 2024\/25 Lekarz [&hellip;]<\/p>\n","protected":false},"author":1,"featured_media":0,"parent":0,"menu_order":0,"comment_status":"closed","ping_status":"closed","template":"tpl-default-elementor.php","meta":{"footnotes":""},"class_list":["post-42","page","type-page","status-publish","hentry"],"_links":{"self":[{"href":"https:\/\/zms.pum.edu.pl\/index.php?rest_route=\/wp\/v2\/pages\/42","targetHints":{"allow":["GET"]}}],"collection":[{"href":"https:\/\/zms.pum.edu.pl\/index.php?rest_route=\/wp\/v2\/pages"}],"about":[{"href":"https:\/\/zms.pum.edu.pl\/index.php?rest_route=\/wp\/v2\/types\/page"}],"author":[{"embeddable":true,"href":"https:\/\/zms.pum.edu.pl\/index.php?rest_route=\/wp\/v2\/users\/1"}],"replies":[{"embeddable":true,"href":"https:\/\/zms.pum.edu.pl\/index.php?rest_route=%2Fwp%2Fv2%2Fcomments&post=42"}],"version-history":[{"count":299,"href":"https:\/\/zms.pum.edu.pl\/index.php?rest_route=\/wp\/v2\/pages\/42\/revisions"}],"predecessor-version":[{"id":2965,"href":"https:\/\/zms.pum.edu.pl\/index.php?rest_route=\/wp\/v2\/pages\/42\/revisions\/2965"}],"wp:attachment":[{"href":"https:\/\/zms.pum.edu.pl\/index.php?rest_route=%2Fwp%2Fv2%2Fmedia&parent=42"}],"curies":[{"name":"wp","href":"https:\/\/api.w.org\/{rel}","templated":true}]}}