{"id":944,"date":"2020-07-19T04:06:36","date_gmt":"2020-07-19T02:06:36","guid":{"rendered":"https:\/\/old3.commonsupport.com\/wp\/hozti\/?page_id=14"},"modified":"2025-11-04T20:35:28","modified_gmt":"2025-11-04T19:35:28","slug":"zaklady","status":"publish","type":"page","link":"https:\/\/zms.pum.edu.pl\/?page_id=944","title":{"rendered":"Zak\u0142ady"},"content":{"rendered":"<p><!--Start Welcome Style2 Area--><br \/>\n<!--Start Single service Style2--><br \/>\n<img decoding=\"async\" src=\"http:\/\/muzeo.home.pl\/autoinstalator\/wordpress5\/wp-content\/uploads\/2022\/05\/S1.jpg\" alt=\"\" \/><\/p>\n<h3>Zak\u0142ad Medycyny S\u0105dowej<\/h3>\n<p><a href=\"https:\/\/old3.commonsupport.com\/wp\/hozti\/media-entertainment\/\">Read More<\/a><br \/>\n<!--End Single service Style2--><br \/>\n<!--Start Single service Style2--><br \/>\n<img decoding=\"async\" src=\"http:\/\/muzeo.home.pl\/autoinstalator\/wordpress5\/wp-content\/uploads\/2022\/05\/S1.jpg\" alt=\"\" \/><\/p>\n<h3>Zak\u0142ad Toksykologii Klinicznej<\/h3>\n<p><a href=\"https:\/\/old3.commonsupport.com\/wp\/hozti\/media-entertainment\/\">Read More<\/a><br \/>\n<!--End Single service Style2--><br \/>\n<!--Start Single service Style2--><br \/>\n<img decoding=\"async\" src=\"http:\/\/muzeo.home.pl\/autoinstalator\/wordpress5\/wp-content\/uploads\/2022\/05\/S1.jpg\" alt=\"\" \/><\/p>\n<h3>Zak\u0142ad Toksykologii S\u0105dowej<\/h3>\n<p><a href=\"https:\/\/old3.commonsupport.com\/wp\/hozti\/media-entertainment\/\">Read More<\/a><br \/>\n<!--End Single service Style2--><br \/>\n<!--Start Single service Style2--><br \/>\n<img decoding=\"async\" src=\"http:\/\/muzeo.home.pl\/autoinstalator\/wordpress5\/wp-content\/uploads\/2022\/05\/S1.jpg\" alt=\"\" \/><\/p>\n<h3>Zak\u0142ad Genetyki S\u0105dowej<\/h3>\n<p><a href=\"https:\/\/old3.commonsupport.com\/wp\/hozti\/media-entertainment\/\">Read More<\/a><br \/>\n<!--End Single service Style2--><br \/>\n<!--Start Single service Style2--><br \/>\n<img decoding=\"async\" src=\"http:\/\/muzeo.home.pl\/autoinstalator\/wordpress5\/wp-content\/uploads\/2022\/05\/S1.jpg\" alt=\"\" \/><\/p>\n<h3>Prosektorium<\/h3>\n<p><a href=\"https:\/\/old3.commonsupport.com\/wp\/hozti\/media-entertainment\/\">Read More<\/a><br \/>\n<!--End Single service Style2--><br \/>\n<!--Start Single service Style2--><br \/>\n<img decoding=\"async\" src=\"http:\/\/muzeo.home.pl\/autoinstalator\/wordpress5\/wp-content\/uploads\/2022\/05\/S1.jpg\" alt=\"\" \/><\/p>\n<h3>Przychodnia<\/h3>\n<p><a href=\"https:\/\/old3.commonsupport.com\/wp\/hozti\/media-entertainment\/\">Read More<\/a><br \/>\n<!--End Single service Style2--><br \/>\n<!--End Welcome Style2 Area--><\/p>\n","protected":false},"excerpt":{"rendered":"<p>Zak\u0142ad Medycyny S\u0105dowej Read More Zak\u0142ad Toksykologii Klinicznej Read More Zak\u0142ad Toksykologii S\u0105dowej Read More Zak\u0142ad Genetyki S\u0105dowej Read More Prosektorium Read More Przychodnia Read More<\/p>\n","protected":false},"author":1,"featured_media":0,"parent":0,"menu_order":0,"comment_status":"closed","ping_status":"closed","template":"","meta":{"footnotes":""},"class_list":["post-944","page","type-page","status-publish","hentry"],"_links":{"self":[{"href":"https:\/\/zms.pum.edu.pl\/index.php?rest_route=\/wp\/v2\/pages\/944","targetHints":{"allow":["GET"]}}],"collection":[{"href":"https:\/\/zms.pum.edu.pl\/index.php?rest_route=\/wp\/v2\/pages"}],"about":[{"href":"https:\/\/zms.pum.edu.pl\/index.php?rest_route=\/wp\/v2\/types\/page"}],"author":[{"embeddable":true,"href":"https:\/\/zms.pum.edu.pl\/index.php?rest_route=\/wp\/v2\/users\/1"}],"replies":[{"embeddable":true,"href":"https:\/\/zms.pum.edu.pl\/index.php?rest_route=%2Fwp%2Fv2%2Fcomments&post=944"}],"version-history":[{"count":12,"href":"https:\/\/zms.pum.edu.pl\/index.php?rest_route=\/wp\/v2\/pages\/944\/revisions"}],"predecessor-version":[{"id":2946,"href":"https:\/\/zms.pum.edu.pl\/index.php?rest_route=\/wp\/v2\/pages\/944\/revisions\/2946"}],"wp:attachment":[{"href":"https:\/\/zms.pum.edu.pl\/index.php?rest_route=%2Fwp%2Fv2%2Fmedia&parent=944"}],"curies":[{"name":"wp","href":"https:\/\/api.w.org\/{rel}","templated":true}]}}